{"id":14,"date":"2021-11-26T19:28:44","date_gmt":"2021-11-26T18:28:44","guid":{"rendered":"https:\/\/vvh-events.de\/?page_id=14"},"modified":"2025-01-14T20:39:44","modified_gmt":"2025-01-14T19:39:44","slug":"motorrad-touren","status":"publish","type":"page","link":"https:\/\/vvh-events.de\/index.php\/motorrad-touren\/","title":{"rendered":"Motorrad-Touren"},"content":{"rendered":"\t\t<div data-elementor-type=\"wp-page\" data-elementor-id=\"14\" class=\"elementor elementor-14\">\n\t\t\t\t<div class=\"elementor-element elementor-element-d45e1b6 e-flex e-con-boxed e-con e-parent\" data-id=\"d45e1b6\" data-element_type=\"container\" data-e-type=\"container\">\n\t\t\t\t\t<div class=\"e-con-inner\">\n\t\t\t\t<div class=\"elementor-element elementor-element-21a041d elementor-widget elementor-widget-heading\" data-id=\"21a041d\" data-element_type=\"widget\" data-e-type=\"widget\" data-widget_type=\"heading.default\">\n\t\t\t\t<div class=\"elementor-widget-container\">\n\t\t\t\t\t<h2 class=\"elementor-heading-title elementor-size-default\">Motorrad-Touren<\/h2>\t\t\t\t<\/div>\n\t\t\t\t<\/div>\n\t\t\t\t\t<\/div>\n\t\t\t\t<\/div>\n\t\t<div class=\"elementor-element elementor-element-ab27767 e-flex e-con-boxed e-con e-parent\" data-id=\"ab27767\" data-element_type=\"container\" data-e-type=\"container\">\n\t\t\t\t\t<div class=\"e-con-inner\">\n\t\t\t\t<div class=\"elementor-element elementor-element-22d6895 elementor-widget elementor-widget-heading\" data-id=\"22d6895\" data-element_type=\"widget\" data-e-type=\"widget\" data-widget_type=\"heading.default\">\n\t\t\t\t<div class=\"elementor-widget-container\">\n\t\t\t\t\t<h4 class=\"elementor-heading-title elementor-size-default\">Folgendes Angebot kann ich Euch machen:<\/h4>\t\t\t\t<\/div>\n\t\t\t\t<\/div>\n\t\t\t\t\t<\/div>\n\t\t\t\t<\/div>\n\t\t<div class=\"elementor-element elementor-element-c2feadf e-flex e-con-boxed e-con e-parent\" data-id=\"c2feadf\" data-element_type=\"container\" data-e-type=\"container\">\n\t\t\t\t\t<div class=\"e-con-inner\">\n\t\t\t\t<div class=\"elementor-element elementor-element-39542fc elementor-widget elementor-widget-spacer\" data-id=\"39542fc\" data-element_type=\"widget\" data-e-type=\"widget\" data-widget_type=\"spacer.default\">\n\t\t\t\t<div class=\"elementor-widget-container\">\n\t\t\t\t\t\t\t<div class=\"elementor-spacer\">\n\t\t\t<div class=\"elementor-spacer-inner\"><\/div>\n\t\t<\/div>\n\t\t\t\t\t\t<\/div>\n\t\t\t\t<\/div>\n\t\t\t\t\t<\/div>\n\t\t\t\t<\/div>\n\t\t<div class=\"elementor-element elementor-element-aa3566a e-flex e-con-boxed e-con e-parent\" data-id=\"aa3566a\" data-element_type=\"container\" data-e-type=\"container\">\n\t\t\t\t\t<div class=\"e-con-inner\">\n\t\t\t\t<div class=\"elementor-element elementor-element-1720b28 elementor-widget__width-initial elementor-widget elementor-widget-text-editor\" data-id=\"1720b28\" data-element_type=\"widget\" data-e-type=\"widget\" data-widget_type=\"text-editor.default\">\n\t\t\t\t<div class=\"elementor-widget-container\">\n\t\t\t\t\t\t\t\t\t<p><strong>Wieder-Einsteiger und Fahr-Anf\u00e4nger<\/strong><\/p>\t\t\t\t\t\t\t\t<\/div>\n\t\t\t\t<\/div>\n\t\t\t\t<div class=\"elementor-element elementor-element-be644e1 elementor-widget__width-initial elementor-widget elementor-widget-text-editor\" data-id=\"be644e1\" data-element_type=\"widget\" data-e-type=\"widget\" data-widget_type=\"text-editor.default\">\n\t\t\t\t<div class=\"elementor-widget-container\">\n\t\t\t\t\t\t\t\t\t<p>Dieser Kurs geht \u00fcber 3 Stunden. Wir k\u00f6nnen uns im Umkreis von 20 km von meinem Wohnort (57250 Netphen) treffen. Zun\u00e4chst suchen wir uns einen Platz wo wir nochmal klassische \u00dcbungen machen.<br \/>Vielen macht das Anfahren, insbesondere das Einbiegen, also mit eingeschlagenem Lenker Probleme. Auch Wenden auf engem Raum ist f\u00fcr Fahranf\u00e4nger nicht einfach. Im Realverkehr werdet ihr an der idealen Linie und Blickf\u00fchrung arbeiten k\u00f6nnen. Dar\u00fcber hinaus gibt es viele praktische Tipps.<br \/>Dieser Kurs kostet 50.- Euro<br \/>Max. Gruppengr\u00f6\u00dfe 4 Teilnehmer<\/p>\t\t\t\t\t\t\t\t<\/div>\n\t\t\t\t<\/div>\n\t\t\t\t\t<\/div>\n\t\t\t\t<\/div>\n\t\t<div class=\"elementor-element elementor-element-af52041 e-flex e-con-boxed e-con e-parent\" data-id=\"af52041\" data-element_type=\"container\" data-e-type=\"container\">\n\t\t\t\t\t<div class=\"e-con-inner\">\n\t\t\t\t<div class=\"elementor-element elementor-element-5acd06d elementor-widget elementor-widget-spacer\" data-id=\"5acd06d\" data-element_type=\"widget\" data-e-type=\"widget\" data-widget_type=\"spacer.default\">\n\t\t\t\t<div class=\"elementor-widget-container\">\n\t\t\t\t\t\t\t<div class=\"elementor-spacer\">\n\t\t\t<div class=\"elementor-spacer-inner\"><\/div>\n\t\t<\/div>\n\t\t\t\t\t\t<\/div>\n\t\t\t\t<\/div>\n\t\t\t\t\t<\/div>\n\t\t\t\t<\/div>\n\t\t<div class=\"elementor-element elementor-element-9a360a7 e-flex e-con-boxed e-con e-parent\" data-id=\"9a360a7\" data-element_type=\"container\" data-e-type=\"container\">\n\t\t\t\t\t<div class=\"e-con-inner\">\n\t\t\t\t<div class=\"elementor-element elementor-element-4b5fea5 elementor-widget__width-initial elementor-widget elementor-widget-text-editor\" data-id=\"4b5fea5\" data-element_type=\"widget\" data-e-type=\"widget\" data-widget_type=\"text-editor.default\">\n\t\t\t\t<div class=\"elementor-widget-container\">\n\t\t\t\t\t\t\t\t\t<p><strong>Ganztages-Tour<\/strong><\/p>\t\t\t\t\t\t\t\t<\/div>\n\t\t\t\t<\/div>\n\t\t\t\t<div class=\"elementor-element elementor-element-e7e0d86 elementor-widget__width-initial elementor-widget elementor-widget-text-editor\" data-id=\"e7e0d86\" data-element_type=\"widget\" data-e-type=\"widget\" data-widget_type=\"text-editor.default\">\n\t\t\t\t<div class=\"elementor-widget-container\">\n\t\t\t\t\t\t\t\t\t<p>Treffpunkt im Umkreis von 20 km von 57250 Netphen<br \/>Abfahrt gegen 10.00 Uhr oder nach Absprache<br \/>Ich plane f\u00fcr Euch eine sehensw\u00fcrdige und kurvenreiche Strecke.<br \/>Kleine verwinkelte Stra\u00dfen und 180 Grad Kurven sind nat\u00fcrlich dabei. Auf Wunsch geht es durchs Siegerland, Sauerland, Oberbergische, Westerwald bis an den Rhein.<br \/>Nat\u00fcrlich gibt es regelm\u00e4\u00dfig Pausen und in der Halbzeit kehren wir zur St\u00e4rkung in eine Gastst\u00e4tte oder Caf\u00e9 ein. Gerne plane ich das f\u00fcr Euch.<br \/>Komplettpreis f\u00fcr einen Tag 200.- Euro<br \/>Max. Gruppengr\u00f6\u00dfe 8<br \/>Bei Gruppengr\u00f6\u00dfe dar\u00fcber wird ein zweiter Guide eingesetzt.<br \/>Dieser kostet dann ebenfalls 200.- Euro<\/p>\t\t\t\t\t\t\t\t<\/div>\n\t\t\t\t<\/div>\n\t\t\t\t\t<\/div>\n\t\t\t\t<\/div>\n\t\t<div class=\"elementor-element elementor-element-f12f3ab e-flex e-con-boxed e-con e-parent\" data-id=\"f12f3ab\" data-element_type=\"container\" data-e-type=\"container\">\n\t\t\t\t\t<div class=\"e-con-inner\">\n\t\t\t\t<div class=\"elementor-element elementor-element-884e6ed elementor-widget elementor-widget-spacer\" data-id=\"884e6ed\" data-element_type=\"widget\" data-e-type=\"widget\" data-widget_type=\"spacer.default\">\n\t\t\t\t<div class=\"elementor-widget-container\">\n\t\t\t\t\t\t\t<div class=\"elementor-spacer\">\n\t\t\t<div class=\"elementor-spacer-inner\"><\/div>\n\t\t<\/div>\n\t\t\t\t\t\t<\/div>\n\t\t\t\t<\/div>\n\t\t\t\t\t<\/div>\n\t\t\t\t<\/div>\n\t\t<div class=\"elementor-element elementor-element-be4afb5 e-flex e-con-boxed e-con e-parent\" data-id=\"be4afb5\" data-element_type=\"container\" data-e-type=\"container\">\n\t\t\t\t\t<div class=\"e-con-inner\">\n\t\t\t\t<div class=\"elementor-element elementor-element-cee1650 elementor-widget__width-initial elementor-widget elementor-widget-text-editor\" data-id=\"cee1650\" data-element_type=\"widget\" data-e-type=\"widget\" data-widget_type=\"text-editor.default\">\n\t\t\t\t<div class=\"elementor-widget-container\">\n\t\t\t\t\t\t\t\t\t<p><strong>Zwei-Tages-Touren<\/strong><\/p>\t\t\t\t\t\t\t\t<\/div>\n\t\t\t\t<\/div>\n\t\t\t\t<div class=\"elementor-element elementor-element-62ee562 elementor-widget__width-initial elementor-widget elementor-widget-text-editor\" data-id=\"62ee562\" data-element_type=\"widget\" data-e-type=\"widget\" data-widget_type=\"text-editor.default\">\n\t\t\t\t<div class=\"elementor-widget-container\">\n\t\t\t\t\t\t\t\t\t<p>Hier plane ich f\u00fcr Euch eine sch\u00f6ne Zweitages-Tour und gehe gerne auch auf individuelle W\u00fcnsche ein. Vom Standort 57250 Netphen ist der Einzugsbereich bis Hunsr\u00fcck, Mosel, Eifel und in die andere Richtung Th\u00fcringen und Vogelsberg.<br \/>Genau wie bei der Ein-Tages-Tour plane ich eine kurvenreiche und sehenswerte Strecke.<br \/>Komplettpreis f\u00fcr zwei Tage 300.- Euro pro Gruppe\u00a0plus\u00a0\u00dcbernachtungskosten<br \/>Max. Gruppengr\u00f6\u00dfe 8<br \/>Bei Gruppengr\u00f6\u00dfe dar\u00fcber wird ein zweiter Guide eingesetzt.<br \/>Kosten: wie Guide 1<br \/>Gerne bin ich Euch bei \u00dcbernachtungsw\u00fcnschen und Zwischen-Stopps behilflich.<\/p>\t\t\t\t\t\t\t\t<\/div>\n\t\t\t\t<\/div>\n\t\t\t\t\t<\/div>\n\t\t\t\t<\/div>\n\t\t<div class=\"elementor-element elementor-element-79478cb e-flex e-con-boxed e-con e-parent\" data-id=\"79478cb\" data-element_type=\"container\" data-e-type=\"container\">\n\t\t\t\t\t<div class=\"e-con-inner\">\n\t\t\t\t<div class=\"elementor-element elementor-element-6fee365 elementor-widget elementor-widget-spacer\" data-id=\"6fee365\" data-element_type=\"widget\" data-e-type=\"widget\" data-widget_type=\"spacer.default\">\n\t\t\t\t<div class=\"elementor-widget-container\">\n\t\t\t\t\t\t\t<div class=\"elementor-spacer\">\n\t\t\t<div class=\"elementor-spacer-inner\"><\/div>\n\t\t<\/div>\n\t\t\t\t\t\t<\/div>\n\t\t\t\t<\/div>\n\t\t\t\t\t<\/div>\n\t\t\t\t<\/div>\n\t\t<div class=\"elementor-element elementor-element-72cfb0e e-con-full e-flex e-con e-parent\" data-id=\"72cfb0e\" data-element_type=\"container\" data-e-type=\"container\">\n\t\t\t\t<div class=\"elementor-element elementor-element-69505fe elementor-widget__width-initial elementor-widget elementor-widget-image\" data-id=\"69505fe\" data-element_type=\"widget\" data-e-type=\"widget\" data-widget_type=\"image.default\">\n\t\t\t\t<div class=\"elementor-widget-container\">\n\t\t\t\t\t\t\t\t\t\t\t\t<figure class=\"wp-caption\">\n\t\t\t\t\t\t\t\t\t\t<img fetchpriority=\"high\" decoding=\"async\" width=\"300\" height=\"300\" src=\"https:\/\/vvh-events.de\/wp-content\/uploads\/2024\/01\/20230513_102921-300x300.jpg\" class=\"attachment-medium size-medium wp-image-276\" alt=\"\" srcset=\"https:\/\/vvh-events.de\/wp-content\/uploads\/2024\/01\/20230513_102921-300x300.jpg 300w, https:\/\/vvh-events.de\/wp-content\/uploads\/2024\/01\/20230513_102921-1024x1024.jpg 1024w, https:\/\/vvh-events.de\/wp-content\/uploads\/2024\/01\/20230513_102921-150x150.jpg 150w, https:\/\/vvh-events.de\/wp-content\/uploads\/2024\/01\/20230513_102921-768x768.jpg 768w, https:\/\/vvh-events.de\/wp-content\/uploads\/2024\/01\/20230513_102921-1536x1536.jpg 1536w, https:\/\/vvh-events.de\/wp-content\/uploads\/2024\/01\/20230513_102921-2048x2048.jpg 2048w, https:\/\/vvh-events.de\/wp-content\/uploads\/2024\/01\/20230513_102921-2000x2000.jpg 2000w\" sizes=\"(max-width: 300px) 100vw, 300px\" \/>\t\t\t\t\t\t\t\t\t\t\t<figcaption class=\"widget-image-caption wp-caption-text\"><\/figcaption>\n\t\t\t\t\t\t\t\t\t\t<\/figure>\n\t\t\t\t\t\t\t\t\t<\/div>\n\t\t\t\t<\/div>\n\t\t\t\t<div class=\"elementor-element elementor-element-e2fcfc6 elementor-widget__width-initial elementor-widget elementor-widget-image\" data-id=\"e2fcfc6\" data-element_type=\"widget\" data-e-type=\"widget\" data-widget_type=\"image.default\">\n\t\t\t\t<div class=\"elementor-widget-container\">\n\t\t\t\t\t\t\t\t\t\t\t\t<figure class=\"wp-caption\">\n\t\t\t\t\t\t\t\t\t\t<img decoding=\"async\" width=\"300\" height=\"300\" src=\"https:\/\/vvh-events.de\/wp-content\/uploads\/2024\/08\/20220428_181117-300x300.jpg\" class=\"attachment-medium size-medium wp-image-340\" alt=\"\" srcset=\"https:\/\/vvh-events.de\/wp-content\/uploads\/2024\/08\/20220428_181117-300x300.jpg 300w, https:\/\/vvh-events.de\/wp-content\/uploads\/2024\/08\/20220428_181117-1024x1024.jpg 1024w, https:\/\/vvh-events.de\/wp-content\/uploads\/2024\/08\/20220428_181117-150x150.jpg 150w, https:\/\/vvh-events.de\/wp-content\/uploads\/2024\/08\/20220428_181117-768x768.jpg 768w, https:\/\/vvh-events.de\/wp-content\/uploads\/2024\/08\/20220428_181117-1536x1536.jpg 1536w, https:\/\/vvh-events.de\/wp-content\/uploads\/2024\/08\/20220428_181117-2048x2048.jpg 2048w\" sizes=\"(max-width: 300px) 100vw, 300px\" \/>\t\t\t\t\t\t\t\t\t\t\t<figcaption class=\"widget-image-caption wp-caption-text\"><\/figcaption>\n\t\t\t\t\t\t\t\t\t\t<\/figure>\n\t\t\t\t\t\t\t\t\t<\/div>\n\t\t\t\t<\/div>\n\t\t\t\t<div class=\"elementor-element elementor-element-9efa4ff elementor-widget__width-initial elementor-widget elementor-widget-image\" data-id=\"9efa4ff\" data-element_type=\"widget\" data-e-type=\"widget\" data-widget_type=\"image.default\">\n\t\t\t\t<div class=\"elementor-widget-container\">\n\t\t\t\t\t\t\t\t\t\t\t\t\t\t\t<img decoding=\"async\" width=\"300\" height=\"300\" src=\"https:\/\/vvh-events.de\/wp-content\/uploads\/2022\/01\/20211231_122147-scaled-e1642275251367-300x300.jpg\" class=\"attachment-medium size-medium wp-image-210\" alt=\"Freewind XF650 im Siegerland\" srcset=\"https:\/\/vvh-events.de\/wp-content\/uploads\/2022\/01\/20211231_122147-scaled-e1642275251367-300x300.jpg 300w, https:\/\/vvh-events.de\/wp-content\/uploads\/2022\/01\/20211231_122147-scaled-e1642275251367-1024x1024.jpg 1024w, https:\/\/vvh-events.de\/wp-content\/uploads\/2022\/01\/20211231_122147-scaled-e1642275251367-150x150.jpg 150w, https:\/\/vvh-events.de\/wp-content\/uploads\/2022\/01\/20211231_122147-scaled-e1642275251367-768x768.jpg 768w, https:\/\/vvh-events.de\/wp-content\/uploads\/2022\/01\/20211231_122147-scaled-e1642275251367.jpg 1400w\" sizes=\"(max-width: 300px) 100vw, 300px\" \/>\t\t\t\t\t\t\t\t\t\t\t\t\t\t\t<\/div>\n\t\t\t\t<\/div>\n\t\t\t\t<\/div>\n\t\t<div class=\"elementor-element elementor-element-6e88f66 e-flex e-con-boxed e-con e-parent\" data-id=\"6e88f66\" data-element_type=\"container\" data-e-type=\"container\">\n\t\t\t\t\t<div class=\"e-con-inner\">\n\t\t\t\t<div class=\"elementor-element elementor-element-54db465 elementor-widget elementor-widget-spacer\" data-id=\"54db465\" data-element_type=\"widget\" data-e-type=\"widget\" data-widget_type=\"spacer.default\">\n\t\t\t\t<div class=\"elementor-widget-container\">\n\t\t\t\t\t\t\t<div class=\"elementor-spacer\">\n\t\t\t<div class=\"elementor-spacer-inner\"><\/div>\n\t\t<\/div>\n\t\t\t\t\t\t<\/div>\n\t\t\t\t<\/div>\n\t\t\t\t\t<\/div>\n\t\t\t\t<\/div>\n\t\t<div class=\"elementor-element elementor-element-2cefefe e-flex e-con-boxed e-con e-parent\" data-id=\"2cefefe\" data-element_type=\"container\" data-e-type=\"container\">\n\t\t\t\t\t<div class=\"e-con-inner\">\n\t\t\t\t<div class=\"elementor-element elementor-element-714d857 elementor-widget__width-initial elementor-widget elementor-widget-video\" data-id=\"714d857\" data-element_type=\"widget\" data-e-type=\"widget\" data-settings=\"{&quot;youtube_url&quot;:&quot;https:\\\/\\\/www.youtube.com\\\/watch?v=mdI_lQcObOI&quot;,&quot;video_type&quot;:&quot;youtube&quot;,&quot;controls&quot;:&quot;yes&quot;}\" data-widget_type=\"video.default\">\n\t\t\t\t<div class=\"elementor-widget-container\">\n\t\t\t\t\t\t\t<div class=\"elementor-wrapper elementor-open-inline\">\n\t\t\t<div class=\"elementor-video\"><\/div>\t\t<\/div>\n\t\t\t\t\t\t<\/div>\n\t\t\t\t<\/div>\n\t\t\t\t\t<\/div>\n\t\t\t\t<\/div>\n\t\t\t\t<\/div>\n\t\t","protected":false},"excerpt":{"rendered":"<p>Motorrad-Touren Folgendes Angebot kann ich Euch machen: Wieder-Einsteiger und Fahr-Anf\u00e4nger Dieser Kurs geht \u00fcber 3 Stunden. Wir k\u00f6nnen uns im [&hellip;]<\/p>\n","protected":false},"author":1,"featured_media":0,"parent":0,"menu_order":2,"comment_status":"closed","ping_status":"closed","template":"","meta":{"site-sidebar-layout":"default","site-content-layout":"","ast-site-content-layout":"default","site-content-style":"default","site-sidebar-style":"default","ast-global-header-display":"","ast-banner-title-visibility":"","ast-main-header-display":"","ast-hfb-above-header-display":"","ast-hfb-below-header-display":"","ast-hfb-mobile-header-display":"","site-post-title":"","ast-breadcrumbs-content":"","ast-featured-img":"","footer-sml-layout":"","ast-disable-related-posts":"","theme-transparent-header-meta":"","adv-header-id-meta":"","stick-header-meta":"","header-above-stick-meta":"","header-main-stick-meta":"","header-below-stick-meta":"","astra-migrate-meta-layouts":"default","ast-page-background-enabled":"default","ast-page-background-meta":{"desktop":{"background-color":"var(--ast-global-color-4)","background-image":"","background-repeat":"repeat","background-position":"center center","background-size":"auto","background-attachment":"scroll","background-type":"","background-media":"","overlay-type":"","overlay-color":"","overlay-opacity":"","overlay-gradient":""},"tablet":{"background-color":"","background-image":"","background-repeat":"repeat","background-position":"center center","background-size":"auto","background-attachment":"scroll","background-type":"","background-media":"","overlay-type":"","overlay-color":"","overlay-opacity":"","overlay-gradient":""},"mobile":{"background-color":"","background-image":"","background-repeat":"repeat","background-position":"center center","background-size":"auto","background-attachment":"scroll","background-type":"","background-media":"","overlay-type":"","overlay-color":"","overlay-opacity":"","overlay-gradient":""}},"ast-content-background-meta":{"desktop":{"background-color":"var(--ast-global-color-5)","background-image":"","background-repeat":"repeat","background-position":"center center","background-size":"auto","background-attachment":"scroll","background-type":"","background-media":"","overlay-type":"","overlay-color":"","overlay-opacity":"","overlay-gradient":""},"tablet":{"background-color":"var(--ast-global-color-5)","background-image":"","background-repeat":"repeat","background-position":"center center","background-size":"auto","background-attachment":"scroll","background-type":"","background-media":"","overlay-type":"","overlay-color":"","overlay-opacity":"","overlay-gradient":""},"mobile":{"background-color":"var(--ast-global-color-5)","background-image":"","background-repeat":"repeat","background-position":"center center","background-size":"auto","background-attachment":"scroll","background-type":"","background-media":"","overlay-type":"","overlay-color":"","overlay-opacity":"","overlay-gradient":""}},"iawp_total_views":59,"footnotes":""},"class_list":["post-14","page","type-page","status-publish","hentry"],"featured_media_urls":[],"_links":{"self":[{"href":"https:\/\/vvh-events.de\/index.php\/wp-json\/wp\/v2\/pages\/14","targetHints":{"allow":["GET"]}}],"collection":[{"href":"https:\/\/vvh-events.de\/index.php\/wp-json\/wp\/v2\/pages"}],"about":[{"href":"https:\/\/vvh-events.de\/index.php\/wp-json\/wp\/v2\/types\/page"}],"author":[{"embeddable":true,"href":"https:\/\/vvh-events.de\/index.php\/wp-json\/wp\/v2\/users\/1"}],"replies":[{"embeddable":true,"href":"https:\/\/vvh-events.de\/index.php\/wp-json\/wp\/v2\/comments?post=14"}],"version-history":[{"count":59,"href":"https:\/\/vvh-events.de\/index.php\/wp-json\/wp\/v2\/pages\/14\/revisions"}],"predecessor-version":[{"id":760,"href":"https:\/\/vvh-events.de\/index.php\/wp-json\/wp\/v2\/pages\/14\/revisions\/760"}],"wp:attachment":[{"href":"https:\/\/vvh-events.de\/index.php\/wp-json\/wp\/v2\/media?parent=14"}],"curies":[{"name":"wp","href":"https:\/\/api.w.org\/{rel}","templated":true}]}}