{"id":74,"date":"2021-11-26T23:51:20","date_gmt":"2021-11-26T22:51:20","guid":{"rendered":"https:\/\/vvh-events.de\/?page_id=74"},"modified":"2025-01-16T19:36:00","modified_gmt":"2025-01-16T18:36:00","slug":"ueber-mich","status":"publish","type":"page","link":"https:\/\/vvh-events.de\/index.php\/ueber-mich\/","title":{"rendered":"\u00dcber mich"},"content":{"rendered":"\t\t<div data-elementor-type=\"wp-page\" data-elementor-id=\"74\" class=\"elementor elementor-74\">\n\t\t\t\t<div class=\"elementor-element elementor-element-5b70d9e e-con-full e-flex e-con e-parent\" data-id=\"5b70d9e\" data-element_type=\"container\" data-e-type=\"container\">\n\t\t\t\t<div class=\"elementor-element elementor-element-7f94e39 elementor-widget__width-initial elementor-widget elementor-widget-heading\" data-id=\"7f94e39\" data-element_type=\"widget\" data-e-type=\"widget\" data-widget_type=\"heading.default\">\n\t\t\t\t<div class=\"elementor-widget-container\">\n\t\t\t\t\t<h3 class=\"elementor-heading-title elementor-size-default\">\u00dcber mich<\/h3>\t\t\t\t<\/div>\n\t\t\t\t<\/div>\n\t\t\t\t<div class=\"elementor-element elementor-element-25b02ca elementor-widget__width-inherit elementor-widget elementor-widget-text-editor\" data-id=\"25b02ca\" data-element_type=\"widget\" data-e-type=\"widget\" data-widget_type=\"text-editor.default\">\n\t\t\t\t<div class=\"elementor-widget-container\">\n\t\t\t\t\t\t\t\t\t<p>Mein Name ist Volker vom Hagen und ich bin 1962 geboren. Ich war 44 Jahre beim Land NRW\u00a0 besch\u00e4ftigt und lebe mit meiner Frau im sch\u00f6nen Siegerland.<br \/>Unserer Kinder sind mittlerweile gro\u00df und das bedeutet, dass wir wieder mehr Zeit f\u00fcr Dinge haben, die uns Freude bereiten. Und da m\u00f6chte ich Euch Angebote zum Motorrad Fahren und Selbstverteidigung machen.<\/p>\t\t\t\t\t\t\t\t<\/div>\n\t\t\t\t<\/div>\n\t\t\t\t<div class=\"elementor-element elementor-element-7742624 elementor-widget__width-initial elementor-widget elementor-widget-image\" data-id=\"7742624\" data-element_type=\"widget\" data-e-type=\"widget\" data-widget_type=\"image.default\">\n\t\t\t\t<div class=\"elementor-widget-container\">\n\t\t\t\t\t\t\t\t\t\t\t\t\t\t\t<img decoding=\"async\" src=\"https:\/\/vvh-events.de\/wp-content\/uploads\/elementor\/thumbs\/WhatsApp-Image-2021-12-03-at-15.41.40-1-ph7y4svk69iewgbgb1ddeiz50t5w40grwu79fvsbds.jpeg\" title=\"WhatsApp-Image-2021-12-03-at-15.41.40-1\" alt=\"WhatsApp-Image-2021-12-03-at-15.41.40-1\" loading=\"lazy\" \/>\t\t\t\t\t\t\t\t\t\t\t\t\t\t\t<\/div>\n\t\t\t\t<\/div>\n\t\t\t\t<\/div>\n\t\t<div class=\"elementor-element elementor-element-35cd34d e-con-full e-flex e-con e-parent\" data-id=\"35cd34d\" data-element_type=\"container\" data-e-type=\"container\">\n\t\t\t\t<div class=\"elementor-element elementor-element-16f167d elementor-widget__width-initial elementor-widget elementor-widget-heading\" data-id=\"16f167d\" data-element_type=\"widget\" data-e-type=\"widget\" data-widget_type=\"heading.default\">\n\t\t\t\t<div class=\"elementor-widget-container\">\n\t\t\t\t\t<h3 class=\"elementor-heading-title elementor-size-default\">Zum        \nMotorrad fahren<\/h3>\t\t\t\t<\/div>\n\t\t\t\t<\/div>\n\t\t\t\t<div class=\"elementor-element elementor-element-89a309a elementor-widget__width-inherit elementor-widget elementor-widget-text-editor\" data-id=\"89a309a\" data-element_type=\"widget\" data-e-type=\"widget\" data-widget_type=\"text-editor.default\">\n\t\t\t\t<div class=\"elementor-widget-container\">\n\t\t\t\t\t\t\t\t\t<p>Wahrscheinlich geht es mir wie vielen von Euch. Irgendwann in jungen Jahren mal den F\u00fchrerschein gemacht, aber Beruf und Familie lie\u00dfen eine leidenschaftliche Pflege des Hobbys nicht zu. Dann mit \u00fcber 50 f\u00e4ngt man nochmal mit was Kleinem an. Bei mir war es eine Honda CBF 600. Eigentlich rein, um gelegentlich mal ein wenig Motorrad zu fahren. Allerdings habe ich den Spa\u00dffaktor ganz sch\u00f6n untersch\u00e4tzt.<br \/>Wir wohnen f\u00fcrs Motorradfahren strategisch gut gelegen im kurvenreichen Siegerland und in Spuckweite zum Sauerland, einfach super. Nach einer Honda CBF 1000 und KTM Superduke GT fahre ich mittlerweile eine Tiger 900. 20000 km sind es auf jeden Fall jedes Jahr. Das Mittelgebirge liegt vor der Haust\u00fcre. Nat\u00fcrlich kommen noch kurvenreiche Auslandstouren hinzu. F\u00fcrs Enduro wandern nutze ich meine Suzuki Freewind, die von mir auch ganzj\u00e4hrig genutzt wird.<br \/>Seit zwei Jahren bin ich f\u00fcr den heimischen Motorradh\u00e4ndler Debus, einmal im Monat, als Guide unterwegs. Daher habe ich auch fast alles aus dem Programm Suzuki, Kawasaki und Triumph ausprobieren d\u00fcrfen. Au\u00dferdem plane ich jedes Jahr einige Touren f\u00fcr ein Unternehmen aus dem Sauerland.<\/p>\t\t\t\t\t\t\t\t<\/div>\n\t\t\t\t<\/div>\n\t\t\t\t<div class=\"elementor-element elementor-element-21d21d1 elementor-widget__width-initial elementor-widget elementor-widget-image\" data-id=\"21d21d1\" data-element_type=\"widget\" data-e-type=\"widget\" data-widget_type=\"image.default\">\n\t\t\t\t<div class=\"elementor-widget-container\">\n\t\t\t\t\t\t\t\t\t\t\t\t\t\t\t<img decoding=\"async\" src=\"https:\/\/vvh-events.de\/wp-content\/uploads\/elementor\/thumbs\/20211231_122212-scaled-qijls0st68dv2vubqab7w1obb6mzr49fnql8hdgiow.jpg\" title=\"20211231_122212\" alt=\"Motorradtour\" loading=\"lazy\" \/>\t\t\t\t\t\t\t\t\t\t\t\t\t\t\t<\/div>\n\t\t\t\t<\/div>\n\t\t\t\t<\/div>\n\t\t<div class=\"elementor-element elementor-element-ac1d921 e-con-full e-flex e-con e-parent\" data-id=\"ac1d921\" data-element_type=\"container\" data-e-type=\"container\">\n\t\t\t\t<div class=\"elementor-element elementor-element-efff765 elementor-widget__width-initial elementor-widget elementor-widget-heading\" data-id=\"efff765\" data-element_type=\"widget\" data-e-type=\"widget\" data-widget_type=\"heading.default\">\n\t\t\t\t<div class=\"elementor-widget-container\">\n\t\t\t\t\t<h3 class=\"elementor-heading-title elementor-size-default\">Zum Kampfsport<\/h3>\t\t\t\t<\/div>\n\t\t\t\t<\/div>\n\t\t\t\t<div class=\"elementor-element elementor-element-c111ac3 elementor-widget__width-inherit elementor-widget elementor-widget-text-editor\" data-id=\"c111ac3\" data-element_type=\"widget\" data-e-type=\"widget\" data-widget_type=\"text-editor.default\">\n\t\t\t\t<div class=\"elementor-widget-container\">\n\t\t\t\t\t\t\t\t\t<p>Ich betreibe seit dem 14. Lebensjahr, bis zum heutigen Tag, aktiv Kampfsport. Die meiste Zeit trainiere ich Ju Jutsu und Karate. Habe aber auch schon fast alles ausprobiert was es so auf dem Markt gibt. Ob Boxen, Wing Chun, Krav Maga, Sambo etc..<br \/>Ich habe festgestellt, dass keiner das Rad mehr neu erfindet. Insbesondere, wenn es um reale Auseinandersetzungen geht. Ich selbst war jahrelang Selbstverteidigungs-Ausbilder und 17 Jahre lang der Fachwart innerhalb der Polizei NRW und dabei zust\u00e4ndig f\u00fcr den Wettkampfsport Judo, JuJutsu und Ringen.<br \/>In der Judo Vereinigung Siegerland, Abteilung JuJutsu bin ich seit Jahrzehnten, bis heute, als Trainer t\u00e4tig. Au\u00dferdem habe ich mit Kooperationspartnern Selbstverteidigungs-, Selbstbehauptungskurse f\u00fcr Frauen im Kreis Siegen-Wittgenstein umgesetzt. \u00dcber 30 weiterf\u00fchrende Schulen konnten von dem Programm profitieren.<br \/>Weitere Kurs-Angebote konnten in Zusammenarbeit mit dem Verein Impuls, \u201eVerein zur F\u00f6rderung der kommunalen Kriminalpr\u00e4vention\u201c, umgesetzt werden. Ich bin Inhaber des 5. Dan (Schwarzgurt) JuJutsu<br \/>2. Dan Karate<br \/>Trainer B JuJutsu<br \/>Trainer B Breitensport.<\/p>\t\t\t\t\t\t\t\t<\/div>\n\t\t\t\t<\/div>\n\t\t\t\t<div class=\"elementor-element elementor-element-2538cac elementor-widget__width-initial elementor-widget elementor-widget-image\" data-id=\"2538cac\" data-element_type=\"widget\" data-e-type=\"widget\" data-widget_type=\"image.default\">\n\t\t\t\t<div class=\"elementor-widget-container\">\n\t\t\t\t\t\t\t\t\t\t\t\t\t\t\t<img decoding=\"async\" src=\"https:\/\/vvh-events.de\/wp-content\/uploads\/elementor\/thumbs\/20241204_111536-e1735501421937-qz8icom7hlg5p13md1xw5h7j2bbd2lquyj7737gy3k.jpg\" title=\"20241204_111536\" alt=\"20241204_111536\" loading=\"lazy\" \/>\t\t\t\t\t\t\t\t\t\t\t\t\t\t\t<\/div>\n\t\t\t\t<\/div>\n\t\t\t\t<\/div>\n\t\t\t\t<\/div>\n\t\t","protected":false},"excerpt":{"rendered":"<p>\u00dcber mich Mein Name ist Volker vom Hagen und ich bin 1962 geboren. Ich war 44 Jahre beim Land NRW\u00a0 [&hellip;]<\/p>\n","protected":false},"author":1,"featured_media":0,"parent":0,"menu_order":5,"comment_status":"closed","ping_status":"closed","template":"","meta":{"site-sidebar-layout":"default","site-content-layout":"","ast-site-content-layout":"default","site-content-style":"default","site-sidebar-style":"default","ast-global-header-display":"","ast-banner-title-visibility":"","ast-main-header-display":"","ast-hfb-above-header-display":"","ast-hfb-below-header-display":"","ast-hfb-mobile-header-display":"","site-post-title":"","ast-breadcrumbs-content":"","ast-featured-img":"","footer-sml-layout":"","ast-disable-related-posts":"","theme-transparent-header-meta":"","adv-header-id-meta":"","stick-header-meta":"","header-above-stick-meta":"","header-main-stick-meta":"","header-below-stick-meta":"","astra-migrate-meta-layouts":"default","ast-page-background-enabled":"default","ast-page-background-meta":{"desktop":{"background-color":"var(--ast-global-color-4)","background-image":"","background-repeat":"repeat","background-position":"center center","background-size":"auto","background-attachment":"scroll","background-type":"","background-media":"","overlay-type":"","overlay-color":"","overlay-opacity":"","overlay-gradient":""},"tablet":{"background-color":"","background-image":"","background-repeat":"repeat","background-position":"center center","background-size":"auto","background-attachment":"scroll","background-type":"","background-media":"","overlay-type":"","overlay-color":"","overlay-opacity":"","overlay-gradient":""},"mobile":{"background-color":"","background-image":"","background-repeat":"repeat","background-position":"center center","background-size":"auto","background-attachment":"scroll","background-type":"","background-media":"","overlay-type":"","overlay-color":"","overlay-opacity":"","overlay-gradient":""}},"ast-content-background-meta":{"desktop":{"background-color":"var(--ast-global-color-5)","background-image":"","background-repeat":"repeat","background-position":"center center","background-size":"auto","background-attachment":"scroll","background-type":"","background-media":"","overlay-type":"","overlay-color":"","overlay-opacity":"","overlay-gradient":""},"tablet":{"background-color":"var(--ast-global-color-5)","background-image":"","background-repeat":"repeat","background-position":"center center","background-size":"auto","background-attachment":"scroll","background-type":"","background-media":"","overlay-type":"","overlay-color":"","overlay-opacity":"","overlay-gradient":""},"mobile":{"background-color":"var(--ast-global-color-5)","background-image":"","background-repeat":"repeat","background-position":"center center","background-size":"auto","background-attachment":"scroll","background-type":"","background-media":"","overlay-type":"","overlay-color":"","overlay-opacity":"","overlay-gradient":""}},"iawp_total_views":88,"footnotes":""},"class_list":["post-74","page","type-page","status-publish","hentry"],"featured_media_urls":[],"_links":{"self":[{"href":"https:\/\/vvh-events.de\/index.php\/wp-json\/wp\/v2\/pages\/74","targetHints":{"allow":["GET"]}}],"collection":[{"href":"https:\/\/vvh-events.de\/index.php\/wp-json\/wp\/v2\/pages"}],"about":[{"href":"https:\/\/vvh-events.de\/index.php\/wp-json\/wp\/v2\/types\/page"}],"author":[{"embeddable":true,"href":"https:\/\/vvh-events.de\/index.php\/wp-json\/wp\/v2\/users\/1"}],"replies":[{"embeddable":true,"href":"https:\/\/vvh-events.de\/index.php\/wp-json\/wp\/v2\/comments?post=74"}],"version-history":[{"count":63,"href":"https:\/\/vvh-events.de\/index.php\/wp-json\/wp\/v2\/pages\/74\/revisions"}],"predecessor-version":[{"id":768,"href":"https:\/\/vvh-events.de\/index.php\/wp-json\/wp\/v2\/pages\/74\/revisions\/768"}],"wp:attachment":[{"href":"https:\/\/vvh-events.de\/index.php\/wp-json\/wp\/v2\/media?parent=74"}],"curies":[{"name":"wp","href":"https:\/\/api.w.org\/{rel}","templated":true}]}}